{"id":374,"date":"2023-06-26T15:56:20","date_gmt":"2023-06-26T15:56:20","guid":{"rendered":"https:\/\/tripasapucarana.com.br\/loja\/?post_type=product&#038;p=374"},"modified":"2023-08-25T18:13:49","modified_gmt":"2023-08-25T18:13:49","slug":"tripa-colageno-grampeado-45-50-55-60-copia-copia-copia","status":"publish","type":"product","link":"https:\/\/tripasapucarana.com.br\/loja\/produto\/tripa-colageno-grampeado-45-50-55-60-copia-copia-copia\/","title":{"rendered":"Tripa artificial Col\u00e1geno Grampeado &#8211; cal 50 grampeado com 32 ct &#8211; pct c\/25"},"content":{"rendered":"<p>Tripa de col\u00e1geno calibre 50<\/p>\n<p>Grampeado um lado pacote com 25 p\u00e7s, pe\u00e7as com 32 cent\u00edmetro,<\/p>\n<p>Ideal para produ\u00e7\u00e3o de salames<\/p>\n<p>&nbsp;<\/p>\n","protected":false},"excerpt":{"rendered":"<p>Tripa de col\u00e1geno calibre 50 Grampeado um lado pacote com 25 p\u00e7s, pe\u00e7as com 32 cent\u00edmetro, Ideal para produ\u00e7\u00e3o de salames &nbsp;<\/p>\n","protected":false},"featured_media":287,"comment_status":"open","ping_status":"closed","template":"","meta":[],"product_brand":[],"product_cat":[24,19],"product_tag":[],"class_list":{"0":"post-374","1":"product","2":"type-product","3":"status-publish","4":"has-post-thumbnail","6":"product_cat-colageno","7":"product_cat-tripas","9":"first","10":"instock","11":"sale","12":"taxable","13":"shipping-taxable","14":"purchasable","15":"product-type-simple"},"_links":{"self":[{"href":"https:\/\/tripasapucarana.com.br\/loja\/wp-json\/wp\/v2\/product\/374","targetHints":{"allow":["GET"]}}],"collection":[{"href":"https:\/\/tripasapucarana.com.br\/loja\/wp-json\/wp\/v2\/product"}],"about":[{"href":"https:\/\/tripasapucarana.com.br\/loja\/wp-json\/wp\/v2\/types\/product"}],"replies":[{"embeddable":true,"href":"https:\/\/tripasapucarana.com.br\/loja\/wp-json\/wp\/v2\/comments?post=374"}],"wp:featuredmedia":[{"embeddable":true,"href":"https:\/\/tripasapucarana.com.br\/loja\/wp-json\/wp\/v2\/media\/287"}],"wp:attachment":[{"href":"https:\/\/tripasapucarana.com.br\/loja\/wp-json\/wp\/v2\/media?parent=374"}],"wp:term":[{"taxonomy":"product_brand","embeddable":true,"href":"https:\/\/tripasapucarana.com.br\/loja\/wp-json\/wp\/v2\/product_brand?post=374"},{"taxonomy":"product_cat","embeddable":true,"href":"https:\/\/tripasapucarana.com.br\/loja\/wp-json\/wp\/v2\/product_cat?post=374"},{"taxonomy":"product_tag","embeddable":true,"href":"https:\/\/tripasapucarana.com.br\/loja\/wp-json\/wp\/v2\/product_tag?post=374"}],"curies":[{"name":"wp","href":"https:\/\/api.w.org\/{rel}","templated":true}]}}