{"id":209,"date":"2023-06-02T02:31:46","date_gmt":"2023-06-02T02:31:46","guid":{"rendered":"https:\/\/tripasapucarana.com.br\/loja\/?post_type=product&#038;p=209"},"modified":"2023-08-25T18:17:03","modified_gmt":"2023-08-25T18:17:03","slug":"tripa-colageno-caixa-calibre-23-24-caixa-com-35","status":"publish","type":"product","link":"https:\/\/tripasapucarana.com.br\/loja\/produto\/tripa-colageno-caixa-calibre-23-24-caixa-com-35\/","title":{"rendered":"Caixa Tripa Col\u00e1geno &#8211; 23 &#8211; 35un"},"content":{"rendered":"<p>As tripas de col\u00e1geno, tanto as comest\u00edveis, s\u00e3o elaboradas a partir do col\u00e1geno extra\u00eddo da pele dos bovinos. Essa pele \u00e9 selecionada de acordo com sua origem, para que sejam garantidas todas as propriedades alimentares e higi\u00eanicas.<br \/>\nN\u00e3o \u00e1 necessidade de hidratar o  col\u00e1geno,  j\u00e1 est\u00e1 pronta para ser utilizada.<\/p>\n","protected":false},"excerpt":{"rendered":"<p>As tripas de col\u00e1geno, tanto as comest\u00edveis, s\u00e3o elaboradas a partir do col\u00e1geno extra\u00eddo da pele dos bovinos. Essa pele \u00e9 selecionada de acordo com sua origem, para que sejam garantidas todas as propriedades alimentares e higi\u00eanicas. N\u00e3o \u00e1 necessidade de hidratar o col\u00e1geno, j\u00e1 est\u00e1 pronta para ser utilizada.<\/p>\n","protected":false},"featured_media":289,"comment_status":"open","ping_status":"closed","template":"","meta":[],"product_brand":[],"product_cat":[24,19],"product_tag":[],"class_list":{"0":"post-209","1":"product","2":"type-product","3":"status-publish","4":"has-post-thumbnail","6":"product_cat-colageno","7":"product_cat-tripas","9":"first","10":"instock","11":"sale","12":"taxable","13":"shipping-taxable","14":"purchasable","15":"product-type-simple"},"_links":{"self":[{"href":"https:\/\/tripasapucarana.com.br\/loja\/wp-json\/wp\/v2\/product\/209","targetHints":{"allow":["GET"]}}],"collection":[{"href":"https:\/\/tripasapucarana.com.br\/loja\/wp-json\/wp\/v2\/product"}],"about":[{"href":"https:\/\/tripasapucarana.com.br\/loja\/wp-json\/wp\/v2\/types\/product"}],"replies":[{"embeddable":true,"href":"https:\/\/tripasapucarana.com.br\/loja\/wp-json\/wp\/v2\/comments?post=209"}],"wp:featuredmedia":[{"embeddable":true,"href":"https:\/\/tripasapucarana.com.br\/loja\/wp-json\/wp\/v2\/media\/289"}],"wp:attachment":[{"href":"https:\/\/tripasapucarana.com.br\/loja\/wp-json\/wp\/v2\/media?parent=209"}],"wp:term":[{"taxonomy":"product_brand","embeddable":true,"href":"https:\/\/tripasapucarana.com.br\/loja\/wp-json\/wp\/v2\/product_brand?post=209"},{"taxonomy":"product_cat","embeddable":true,"href":"https:\/\/tripasapucarana.com.br\/loja\/wp-json\/wp\/v2\/product_cat?post=209"},{"taxonomy":"product_tag","embeddable":true,"href":"https:\/\/tripasapucarana.com.br\/loja\/wp-json\/wp\/v2\/product_tag?post=209"}],"curies":[{"name":"wp","href":"https:\/\/api.w.org\/{rel}","templated":true}]}}