{"id":178,"date":"2023-06-02T02:09:19","date_gmt":"2023-06-02T02:09:19","guid":{"rendered":"https:\/\/tripasapucarana.com.br\/loja\/?post_type=product&#038;p=178"},"modified":"2024-09-26T13:59:44","modified_gmt":"2024-09-26T13:59:44","slug":"tripa-bovina-43-46-macos-30-mts","status":"publish","type":"product","link":"https:\/\/tripasapucarana.com.br\/loja\/produto\/tripa-bovina-43-46-macos-30-mts\/","title":{"rendered":"Tripa Bovina &#8211; 43\/46 &#8211; Ma\u00e7os 30 mts"},"content":{"rendered":"<p>produto de origem animal<br \/>\ntripa bovina torta , (envolt\u00f3rio natural salgado) indicada para fazer salames, lingui\u00e7as calabresas, portuguesa, defumada, paio, entre outros ( pode  ser utilizadas estufas)<br \/>\n tripa bovina 43\/46 ter\u00e1 aproximadamente entre 4,3 e 4,6 cent\u00edmetros de di\u00e2metro.<\/p>\n<p>Recomenda\u00e7\u00f5es de uso:<\/p>\n<p>Lavar em \u00e1gua corrente at\u00e9 remover todo o sal. Deixar de molho em \u00e1gua limpa por aproximadamente 2 horas, para hidratar e ter um melhor rendimento.<br \/>\npode ser utilizadas em  ensacadora manual e el\u00e9tricas  e pneum\u00e1ticas<br \/>\nproduto  nacional  com sif<\/p>\n","protected":false},"excerpt":{"rendered":"<p>produto de origem animal tripa bovina torta , (envolt\u00f3rio natural salgado) indicada para fazer salames, lingui\u00e7as calabresas, portuguesa, defumada, paio, entre outros ( pode ser utilizadas estufas) tripa bovina 43\/46 ter\u00e1 aproximadamente entre 4,3 e 4,6 cent\u00edmetros de di\u00e2metro. Recomenda\u00e7\u00f5es de uso: Lavar em \u00e1gua corrente at\u00e9 remover todo o sal. Deixar de molho em [&hellip;]<\/p>\n","protected":false},"featured_media":279,"comment_status":"open","ping_status":"closed","template":"","meta":[],"product_brand":[],"product_cat":[21,19],"product_tag":[],"class_list":{"0":"post-178","1":"product","2":"type-product","3":"status-publish","4":"has-post-thumbnail","6":"product_cat-bovina-tripas","7":"product_cat-tripas","9":"first","10":"instock","11":"sale","12":"taxable","13":"shipping-taxable","14":"purchasable","15":"product-type-simple"},"_links":{"self":[{"href":"https:\/\/tripasapucarana.com.br\/loja\/wp-json\/wp\/v2\/product\/178","targetHints":{"allow":["GET"]}}],"collection":[{"href":"https:\/\/tripasapucarana.com.br\/loja\/wp-json\/wp\/v2\/product"}],"about":[{"href":"https:\/\/tripasapucarana.com.br\/loja\/wp-json\/wp\/v2\/types\/product"}],"replies":[{"embeddable":true,"href":"https:\/\/tripasapucarana.com.br\/loja\/wp-json\/wp\/v2\/comments?post=178"}],"wp:featuredmedia":[{"embeddable":true,"href":"https:\/\/tripasapucarana.com.br\/loja\/wp-json\/wp\/v2\/media\/279"}],"wp:attachment":[{"href":"https:\/\/tripasapucarana.com.br\/loja\/wp-json\/wp\/v2\/media?parent=178"}],"wp:term":[{"taxonomy":"product_brand","embeddable":true,"href":"https:\/\/tripasapucarana.com.br\/loja\/wp-json\/wp\/v2\/product_brand?post=178"},{"taxonomy":"product_cat","embeddable":true,"href":"https:\/\/tripasapucarana.com.br\/loja\/wp-json\/wp\/v2\/product_cat?post=178"},{"taxonomy":"product_tag","embeddable":true,"href":"https:\/\/tripasapucarana.com.br\/loja\/wp-json\/wp\/v2\/product_tag?post=178"}],"curies":[{"name":"wp","href":"https:\/\/api.w.org\/{rel}","templated":true}]}}