{"id":165,"date":"2023-06-02T01:49:42","date_gmt":"2023-06-02T01:49:42","guid":{"rendered":"https:\/\/tripasapucarana.com.br\/loja\/?post_type=product&#038;p=165"},"modified":"2024-09-26T14:04:46","modified_gmt":"2024-09-26T14:04:46","slug":"tripa-suina-calibres-28-32-e-28-34","status":"publish","type":"product","link":"https:\/\/tripasapucarana.com.br\/loja\/produto\/tripa-suina-calibres-28-32-e-28-34\/","title":{"rendered":"Tripa Su\u00edna Calibrada  fios longos- 28\/32 com 80 mts"},"content":{"rendered":"<p>A tripa \u00e9 o intestino do animal conservada no sal , pode ter varia\u00e7\u00f5es de tamanho de fios e calibres, colora\u00e7\u00e3o e odor .<br \/>\nTripa su\u00edna para o preparo de lingui\u00e7as , toscana, calabresa , frescal , mista  entre outras<br \/>\ncalibre 28\/32 , fio longos ( fios de 2 a 12 metros pode  variar de acordo com os calibres )<br \/>\nideal para uso em escadeira pneum\u00e1ticas , el\u00e9tricas<br \/>\nRecomenda &#8211; se lavar em \u00e1gua corrente, at\u00e9 remover todo o sal. Deixar de molho em \u00e1gua limpa (para melhor qualidade da lingui\u00e7a) por aproximadamente 2 horas, para hidratar e ter um melhor rendimento.<\/p>\n","protected":false},"excerpt":{"rendered":"<p>A tripa \u00e9 o intestino do animal conservada no sal , pode ter varia\u00e7\u00f5es de tamanho de fios e calibres, colora\u00e7\u00e3o e odor . Tripa su\u00edna para o preparo de lingui\u00e7as , toscana, calabresa , frescal , mista entre outras calibre 28\/32 , fio longos ( fios de 2 a 12 metros pode variar de [&hellip;]<\/p>\n","protected":false},"featured_media":274,"comment_status":"open","ping_status":"closed","template":"","meta":[],"product_brand":[],"product_cat":[23,19],"product_tag":[],"class_list":{"0":"post-165","1":"product","2":"type-product","3":"status-publish","4":"has-post-thumbnail","6":"product_cat-suina","7":"product_cat-tripas","9":"first","10":"instock","11":"taxable","12":"shipping-taxable","13":"purchasable","14":"product-type-simple"},"_links":{"self":[{"href":"https:\/\/tripasapucarana.com.br\/loja\/wp-json\/wp\/v2\/product\/165","targetHints":{"allow":["GET"]}}],"collection":[{"href":"https:\/\/tripasapucarana.com.br\/loja\/wp-json\/wp\/v2\/product"}],"about":[{"href":"https:\/\/tripasapucarana.com.br\/loja\/wp-json\/wp\/v2\/types\/product"}],"replies":[{"embeddable":true,"href":"https:\/\/tripasapucarana.com.br\/loja\/wp-json\/wp\/v2\/comments?post=165"}],"wp:featuredmedia":[{"embeddable":true,"href":"https:\/\/tripasapucarana.com.br\/loja\/wp-json\/wp\/v2\/media\/274"}],"wp:attachment":[{"href":"https:\/\/tripasapucarana.com.br\/loja\/wp-json\/wp\/v2\/media?parent=165"}],"wp:term":[{"taxonomy":"product_brand","embeddable":true,"href":"https:\/\/tripasapucarana.com.br\/loja\/wp-json\/wp\/v2\/product_brand?post=165"},{"taxonomy":"product_cat","embeddable":true,"href":"https:\/\/tripasapucarana.com.br\/loja\/wp-json\/wp\/v2\/product_cat?post=165"},{"taxonomy":"product_tag","embeddable":true,"href":"https:\/\/tripasapucarana.com.br\/loja\/wp-json\/wp\/v2\/product_tag?post=165"}],"curies":[{"name":"wp","href":"https:\/\/api.w.org\/{rel}","templated":true}]}}