{"id":159,"date":"2023-06-02T01:45:33","date_gmt":"2023-06-02T01:45:33","guid":{"rendered":"https:\/\/tripasapucarana.com.br\/loja\/?post_type=product&#038;p=159"},"modified":"2024-09-26T14:07:08","modified_gmt":"2024-09-26T14:07:08","slug":"tripa-suina-fio-de-1-a-4-metros-90-mts","status":"publish","type":"product","link":"https:\/\/tripasapucarana.com.br\/loja\/produto\/tripa-suina-fio-de-1-a-4-metros-90-mts\/","title":{"rendered":"Tripa Su\u00edna Fios Curtos &#8211; 1 a 4 m &#8211; Ma\u00e7os 90 mts"},"content":{"rendered":"<p>Tripa  su\u00edna  para o preparo de lingui\u00e7as calibre 28\/32 ,32\/34 fio  m\u00e9dios 1 a 4 metros<br \/>\nensaque aproximado  em 70 kgs<br \/>\nideal para uso em escadeira manual<br \/>\nRecomenda-se &#8211; lavar em \u00e1gua corrente, at\u00e9 remover todo o sal. Deixar de molho em \u00e1gua limpa (para melhor qualidade da lingui\u00e7a) por aproximadamente 2 horas, para hidratar e ter um melhor rendimento.<\/p>\n","protected":false},"excerpt":{"rendered":"<p>Tripa su\u00edna para o preparo de lingui\u00e7as calibre 28\/32 ,32\/34 fio m\u00e9dios 1 a 4 metros ensaque aproximado em 70 kgs ideal para uso em escadeira manual Recomenda-se &#8211; lavar em \u00e1gua corrente, at\u00e9 remover todo o sal. Deixar de molho em \u00e1gua limpa (para melhor qualidade da lingui\u00e7a) por aproximadamente 2 horas, para hidratar [&hellip;]<\/p>\n","protected":false},"featured_media":272,"comment_status":"open","ping_status":"closed","template":"","meta":[],"product_brand":[],"product_cat":[23,19],"product_tag":[],"class_list":{"0":"post-159","1":"product","2":"type-product","3":"status-publish","4":"has-post-thumbnail","6":"product_cat-suina","7":"product_cat-tripas","9":"first","10":"instock","11":"sale","12":"taxable","13":"shipping-taxable","14":"purchasable","15":"product-type-simple"},"_links":{"self":[{"href":"https:\/\/tripasapucarana.com.br\/loja\/wp-json\/wp\/v2\/product\/159","targetHints":{"allow":["GET"]}}],"collection":[{"href":"https:\/\/tripasapucarana.com.br\/loja\/wp-json\/wp\/v2\/product"}],"about":[{"href":"https:\/\/tripasapucarana.com.br\/loja\/wp-json\/wp\/v2\/types\/product"}],"replies":[{"embeddable":true,"href":"https:\/\/tripasapucarana.com.br\/loja\/wp-json\/wp\/v2\/comments?post=159"}],"wp:featuredmedia":[{"embeddable":true,"href":"https:\/\/tripasapucarana.com.br\/loja\/wp-json\/wp\/v2\/media\/272"}],"wp:attachment":[{"href":"https:\/\/tripasapucarana.com.br\/loja\/wp-json\/wp\/v2\/media?parent=159"}],"wp:term":[{"taxonomy":"product_brand","embeddable":true,"href":"https:\/\/tripasapucarana.com.br\/loja\/wp-json\/wp\/v2\/product_brand?post=159"},{"taxonomy":"product_cat","embeddable":true,"href":"https:\/\/tripasapucarana.com.br\/loja\/wp-json\/wp\/v2\/product_cat?post=159"},{"taxonomy":"product_tag","embeddable":true,"href":"https:\/\/tripasapucarana.com.br\/loja\/wp-json\/wp\/v2\/product_tag?post=159"}],"curies":[{"name":"wp","href":"https:\/\/api.w.org\/{rel}","templated":true}]}}